{"id":4567,"date":"2019-11-05T16:51:26","date_gmt":"2019-11-05T16:51:26","guid":{"rendered":"https:\/\/trevo.pt\/?page_id=4567"},"modified":"2025-02-26T09:44:58","modified_gmt":"2025-02-26T09:44:58","slug":"contactos","status":"publish","type":"page","link":"https:\/\/trevo.pt\/?page_id=4567","title":{"rendered":"CONTACTOS"},"content":{"rendered":"<p>[vc_row row_content_width=&#8221;grid&#8221; enable_grid_lines=&#8221;&#8221; css=&#8221;.vc_custom_1520434378363{padding-bottom: 130px !important;}&#8221;][vc_column offset=&#8221;vc_col-lg-offset-0 vc_col-lg-6 vc_col-md-offset-0 vc_col-md-12 vc_col-sm-offset-0&#8243;][vc_gmaps link=&#8221;#E-8_JTNDaWZyYW1lJTIwc3JjJTNEJTIyaHR0cHMlM0ElMkYlMkZ3d3cuZ29vZ2xlLmNvbSUyRm1hcHMlMkZlbWJlZCUzRnBiJTNEJTIxMW0xOCUyMTFtMTIlMjExbTMlMjExZDM4NzEuNTg4MDczMjEzODQ4JTIxMmQtOS4xMjU0NjM1MjMzNzk1ODclMjEzZDM4LjYzMTYyNjQ3MTc4MjAzJTIxMm0zJTIxMWYwJTIxMmYwJTIxM2YwJTIxM20yJTIxMWkxMDI0JTIxMmk3NjglMjE0ZjEzLjElMjEzbTMlMjExbTIlMjExczB4ZDE5NGJlYTA1Mjk4OTE1JTI1M0EweGVlYWVmZGJmNGNkMGQ3NzIlMjEyc1BhdmlsaCUyNUMzJTI1QTNvJTI1MjBNdW5pY2lwYWwlMjUyMENpZGFkZSUyNTIwZGUlMjUyMEFtb3JhJTIxNWUxJTIxM20yJTIxMXNwdC1QVCUyMTJzcHQlMjE0djE3NDA0OTg2MTgxMjclMjE1bTIlMjExc3B0LVBUJTIxMnNwdCUyMiUyMHdpZHRoJTNEJTIyNjAwJTIyJTIwaGVpZ2h0JTNEJTIyNDUwJTIyJTIwc3R5bGUlM0QlMjJib3JkZXIlM0EwJTNCJTIyJTIwYWxsb3dmdWxsc2NyZWVuJTNEJTIyJTIyJTIwbG9hZGluZyUzRCUyMmxhenklMjIlMjByZWZlcnJlcnBvbGljeSUzRCUyMm5vLXJlZmVycmVyLXdoZW4tZG93bmdyYWRlJTIyJTNFJTNDJTJGaWZyYW1lJTNF&#8221;][vc_empty_space height=&#8221;15px&#8221;][vc_row_inner enable_grid_lines=&#8221;&#8221;][vc_column_inner width=&#8221;1\/2&#8243;][vc_column_text]<\/p>\n<h5>Morada<\/h5>\n<p>[\/vc_column_text][vc_column_text css=&#8221;.vc_custom_1740498544323{margin-top: -10px !important;}&#8221;]Amora[\/vc_column_text][vc_empty_space height=&#8221;20px&#8221;][\/vc_column_inner][vc_column_inner width=&#8221;1\/2&#8243;][vc_column_text]<\/p>\n<h5>Hor\u00e1rio<\/h5>\n<p>[\/vc_column_text][vc_column_text css=&#8221;.vc_custom_1740498698551{margin-top: -10px !important;}&#8221;]Consulta os hor\u00e1rios atrav\u00e9s dos contactos dispon\u00edveis.[\/vc_column_text][vc_empty_space height=&#8221;20px&#8221;][\/vc_column_inner][\/vc_row_inner][vc_row_inner enable_grid_lines=&#8221;&#8221;][vc_column_inner width=&#8221;1\/2&#8243;][vc_column_text]<\/p>\n<h5>Telefone<\/h5>\n<p>[\/vc_column_text][vc_column_text css=&#8221;.vc_custom_1740498719890{margin-top: -10px !important;}&#8221;]<a style=\"color: #9c9c9c;\" href=\"tel:00351211808177\" target=\"_blank\" rel=\"noopener noreferrer\">+351 913 570 990<br \/>\n<\/a>[\/vc_column_text][vc_empty_space height=&#8221;20px&#8221;][\/vc_column_inner][vc_column_inner width=&#8221;1\/2&#8243;][vc_column_text]<\/p>\n<h5>EMail<\/h5>\n<p>[\/vc_column_text][vc_column_text css=&#8221;.vc_custom_1572970373446{margin-top: -10px !important;}&#8221;]<span style=\"color: #b7d166;\">info.trevo@gmail.com<\/span>[\/vc_column_text][vc_empty_space height=&#8221;20px&#8221;][\/vc_column_inner][\/vc_row_inner][\/vc_column][vc_column offset=&#8221;vc_col-lg-offset-0 vc_col-lg-6 vc_col-md-offset-0 vc_col-md-12 vc_col-sm-offset-0&#8243;]<div role=\"form\" class=\"wpcf7\" id=\"wpcf7-f5-o1\" lang=\"pt-PT\" dir=\"ltr\">\n<div class=\"screen-reader-response\"><\/div>\n<form action=\"\/index.php?rest_route=%2Fwp%2Fv2%2Fpages%2F4567#wpcf7-f5-o1\" method=\"post\" class=\"wpcf7-form\" novalidate=\"novalidate\">\n<div style=\"display: none;\">\n<input type=\"hidden\" name=\"_wpcf7\" value=\"5\" \/>\n<input type=\"hidden\" name=\"_wpcf7_version\" value=\"5.1.4\" \/>\n<input type=\"hidden\" name=\"_wpcf7_locale\" value=\"pt_PT\" \/>\n<input type=\"hidden\" name=\"_wpcf7_unit_tag\" value=\"wpcf7-f5-o1\" \/>\n<input type=\"hidden\" name=\"_wpcf7_container_post\" value=\"0\" \/>\n<\/div>\n<div>\n<div class=\"qodef-grid-row mkd-grid-tiny-gutter\">\n<div class=\"qodef-grid-col-6\">\n           <span class=\"wpcf7-form-control-wrap your-name\"><input type=\"text\" name=\"your-name\" value=\"\" size=\"40\" class=\"wpcf7-form-control wpcf7-text wpcf7-validates-as-required\" aria-required=\"true\" aria-invalid=\"false\" placeholder=\"Nome\" \/><\/span>\n         <\/div>\n<div class=\"qodef-grid-col-6\">\n          <span class=\"wpcf7-form-control-wrap your-name\"><input type=\"text\" name=\"your-name\" value=\"\" size=\"40\" class=\"wpcf7-form-control wpcf7-text wpcf7-validates-as-required\" aria-required=\"true\" aria-invalid=\"false\" placeholder=\"Apelido\" \/><\/span>\n         <\/div><\/div>\n<div class=\"qodef-grid-row mkd-grid-tiny-gutter\">\n<div class=\"qodef-grid-col-6\">\n          <span class=\"wpcf7-form-control-wrap your-email\"><input type=\"email\" name=\"your-email\" value=\"\" size=\"40\" class=\"wpcf7-form-control wpcf7-text wpcf7-email wpcf7-validates-as-required wpcf7-validates-as-email\" aria-required=\"true\" aria-invalid=\"false\" placeholder=\"Email\" \/><\/span>\n         <\/div><\/div>\n<div class=\"qodef-grid-row\">\n<div class=\"qodef-grid-col-12\">\n           <span class=\"wpcf7-form-control-wrap your-message\"><textarea name=\"your-message\" cols=\"40\" rows=\"10\" class=\"wpcf7-form-control wpcf7-textarea\" aria-invalid=\"false\" placeholder=\"A sua mensagem..\"><\/textarea><\/span>\n       <\/div><\/div>\n<div class=\"qodef-grid-row\">\n<div class=\"qodef-grid-col-12\" style=\"text-align:center;\">\n<div class=\"qodef-btn qodef-btn-small qodef-btn-solid qodef-btn-icon qodef-custom-cf-7-button\"><input type=\"submit\" value=\"Enviar\" class=\"wpcf7-form-control wpcf7-submit\" \/><span class=\"qodef-btn-text\">ENVIAR<\/span><span class=\"qodef-btn-text-inner qodef-btn-text-inner-icon\"><i class=\"qodef-icon-ion-icon ion-arrow-right-c \"><\/i><i class=\"qodef-icon-ion-icon ion-arrow-right-c \"><\/i><\/span><\/div><\/div><\/div>\n<\/div>\n<div class=\"wpcf7-response-output wpcf7-display-none\"><\/div><\/form><\/div>[\/vc_column][\/vc_row][vc_row enable_grid_lines=&#8221;&#8221; content_text_aligment=&#8221;center&#8221; css=&#8221;.vc_custom_1572970889119{padding-top: 50px !important;padding-bottom: 75px !important;}&#8221; simple_background_color=&#8221;#b7d166&#8243;][vc_column][vc_column_text]<\/p>\n<h5><span style=\"color: #ffffff;\">SIGA-NOS<\/span><\/h5>\n<p>[\/vc_column_text][vc_empty_space height=&#8221;30px&#8221;][qodef_icon icon_pack=&#8221;font_awesome&#8221; fa_icon=&#8221;fa-facebook&#8221; size=&#8221;qodef-icon-large&#8221; type=&#8221;qodef-circle&#8221; target=&#8221;_blank&#8221; custom_size=&#8221;20&#8243; shape_size=&#8221;55&#8243; link=&#8221;https:\/\/www.facebook.com\/ginasiotrevo&#8221; background_color=&#8221;#b7d166&#8243; hover_icon_color=&#8221;#b7d166&#8243; hover_background_color=&#8221;#ffffff&#8221; margin=&#8221;0px 15px 0px 0px&#8221;][qodef_icon icon_pack=&#8221;font_awesome&#8221; fa_icon=&#8221;fa-instagram&#8221; size=&#8221;qodef-icon-large&#8221; type=&#8221;qodef-circle&#8221; target=&#8221;_blank&#8221; custom_size=&#8221;20&#8243; shape_size=&#8221;55&#8243; link=&#8221;https:\/\/www.instagram.com\/ginasio_trevo\/&#8221; background_color=&#8221;#b7d166&#8243; hover_icon_color=&#8221;#b7d166&#8243; hover_background_color=&#8221;#ffffff&#8221; margin=&#8221;0px 15px 0px 0px&#8221;][\/vc_column][\/vc_row][vc_section full_width=&#8221;stretch_row&#8221; css=&#8221;.vc_custom_1572888006293{background-color: #363636 !important;}&#8221;][vc_row row_content_width=&#8221;grid&#8221; enable_grid_lines=&#8221;&#8221;][vc_column width=&#8221;1\/6&#8243;][vc_raw_html]JTNDcCUyMGNsYXNzJTNEJTIycW9kZWYtaWwtdGV4dCUyMiUyMHN0eWxlJTNEJTIyY29sb3IlM0ElMjAlMjNmZmZmZmYlM0Jmb250LXNpemUlM0ElMjAxMnB4JTIyJTNFVFJFVk8lM0MlMkZwJTNFJTBBJTNDYSUyMHN0eWxlJTNEJTIyY29sb3IlM0ElMjAlMjNmZmZmZmYlM0Jmb250LXNpemUlM0ElMjAxMnB4JTIyJTIwY2xhc3MlM0QlMjJjdXN0b21pemUtdW5wcmV2aWV3YWJsZSUyMiUyMGhyZWYlM0QlMjIlMkZjb250YWN0b3MlMjIlMjByZWwlM0QlMjJub29wZW5lciUyMG5vcmVmZXJyZXIlMjIlM0VDb250YWN0b3MlM0MlMkZhJTNFJTBBJTNDYnIlM0UlMEElM0NhJTIwc3R5bGUlM0QlMjJjb2xvciUzQSUyMCUyM2ZmZmZmZiUzQmZvbnQtc2l6ZSUzQSUyMDEycHglMjIlMjBjbGFzcyUzRCUyMmN1c3RvbWl6ZS11bnByZXZpZXdhYmxlJTIyJTIwaHJlZiUzRCUyMiUyRnRyZXZvZW1jYXNhJTIyJTIwcmVsJTNEJTIybm9vcGVuZXIlMjBub3JlZmVycmVyJTIyJTNFVHJldm8lMjBlbSUyMGNhc2ElM0MlMkZhJTNF[\/vc_raw_html][\/vc_column][vc_column width=&#8221;1\/6&#8243;][vc_raw_html]JTNDcCUyMGNsYXNzJTNEJTIycW9kZWYtaWwtdGV4dCUyMiUyMHN0eWxlJTNEJTIyY29sb3IlM0ElMjAlMjNmZmZmZmYlM0Jmb250LXNpemUlM0ElMjAxMnB4JTIyJTNFU0VSVkklQzMlODdPUyUzQyUyRnAlM0UlMEElMEElM0NhJTIwc3R5bGUlM0QlMjJjb2xvciUzQSUyMCUyM2ZmZmZmZiUzQmZvbnQtc2l6ZSUzQSUyMDEycHglMjIlMjBjbGFzcyUzRCUyMmN1c3RvbWl6ZS11bnByZXZpZXdhYmxlJTIyJTIwaHJlZiUzRCUyMiUyRnNlcnZpY29zJTIyJTIwdGFyZ2V0JTNEJTIyJTIyJTIwcmVsJTNEJTIybm9vcGVuZXIlMjBub3JlZmVycmVyJTIyJTNFUmVhYmlsaXRhJUMzJUE3JUMzJUEzbyUyMEYlQzMlQURzaWNhJTNDJTJGYSUzRSUwQSUzQ2JyJTNFJTBBJTNDYSUyMHN0eWxlJTNEJTIyY29sb3IlM0ElMjAlMjNmZmZmZmYlM0Jmb250LXNpemUlM0ElMjAxMnB4JTIyJTIwY2xhc3MlM0QlMjJjdXN0b21pemUtdW5wcmV2aWV3YWJsZSUyMiUyMGhyZWYlM0QlMjIlMkZzZXJ2aWNvcyUyMiUyMHRhcmdldCUzRCUyMiUyMiUyMHJlbCUzRCUyMm5vb3BlbmVyJTIwbm9yZWZlcnJlciUyMiUzRVBlcnNvbmFsJTIwVHJhaW5lciUzQyUyRmElM0UlMEElM0NiciUzRSUwQSUzQ2ElMjBzdHlsZSUzRCUyMmNvbG9yJTNBJTIwJTIzZmZmZmZmJTNCZm9udC1zaXplJTNBJTIwMTJweCUyMiUyMGNsYXNzJTNEJTIyY3VzdG9taXplLXVucHJldmlld2FibGUlMjIlMjBocmVmJTNEJTIyJTJGc2Vydmljb3MlMjIlMjB0YXJnZXQlM0QlMjJfYmxhbmslMjIlMjByZWwlM0QlMjJub29wZW5lciUyMG5vcmVmZXJyZXIlMjIlM0VOdXRyaSVDMyVBNyVDMyVBM28lM0MlMkZhJTNFJTBBJTNDYnIlM0UlMEElM0NhJTIwc3R5bGUlM0QlMjJjb2xvciUzQSUyMCUyM2ZmZmZmZiUzQmZvbnQtc2l6ZSUzQSUyMDEycHglMjIlMjBjbGFzcyUzRCUyMmN1c3RvbWl6ZS11bnByZXZpZXdhYmxlJTIyJTIwaHJlZiUzRCUyMiUyRnNlcnZpY29zJTIyJTIwdGFyZ2V0JTNEJTIyX2JsYW5rJTIyJTIwcmVsJTNEJTIybm9vcGVuZXIlMjBub3JlZmVycmVyJTIyJTNFUmVsYXhhbWVudG8lM0MlMkZhJTNFJTBBJTNDYnIlM0UlMEElM0NhJTIwc3R5bGUlM0QlMjJjb2xvciUzQSUyMCUyM2ZmZmZmZiUzQmZvbnQtc2l6ZSUzQSUyMDEycHglMjIlMjBjbGFzcyUzRCUyMmN1c3RvbWl6ZS11bnByZXZpZXdhYmxlJTIyJTIwaHJlZiUzRCUyMiUyRnNlcnZpY29zJTIyJTIwdGFyZ2V0JTNEJTIyX2JsYW5rJTIyJTIwcmVsJTNEJTIybm9vcGVuZXIlMjBub3JlZmVycmVyJTIyJTNFRm9ybWElQzMlQTclQzMlQTNvJTNDJTJGYSUzRSUwQSUzQ2JyJTNFJTBBJTNDYSUyMHN0eWxlJTNEJTIyY29sb3IlM0ElMjAlMjNmZmZmZmYlM0Jmb250LXNpemUlM0ElMjAxMnB4JTIyJTIwY2xhc3MlM0QlMjJjdXN0b21pemUtdW5wcmV2aWV3YWJsZSUyMiUyMGhyZWYlM0QlMjIlMkZzZXJ2aWNvcyUyMiUyMHRhcmdldCUzRCUyMl9ibGFuayUyMiUyMHJlbCUzRCUyMm5vb3BlbmVyJTIwbm9yZWZlcnJlciUyMiUzRUF2YWxpYSVDMyVBNyVDMyVBM28lMjBGJUMzJUFEc2ljYSUzQyUyRmElM0UlMEElM0NiciUzRSUwQSUzQ2ElMjBzdHlsZSUzRCUyMmNvbG9yJTNBJTIwJTIzZmZmZmZmJTNCZm9udC1zaXplJTNBJTIwMTJweCUyMiUyMGNsYXNzJTNEJTIyY3VzdG9taXplLXVucHJldmlld2FibGUlMjIlMjBocmVmJTNEJTIyJTJGc2Vydmljb3MlMjIlMjB0YXJnZXQlM0QlMjJfYmxhbmslMjIlMjByZWwlM0QlMjJub29wZW5lciUyMG5vcmVmZXJyZXIlMjIlM0VQaWxhdGVzJTNDJTJGYSUzRSUwQSUzQ2JyJTNFJTBBJTNDYSUyMHN0eWxlJTNEJTIyY29sb3IlM0ElMjAlMjNmZmZmZmYlM0Jmb250LXNpemUlM0ElMjAxMnB4JTIyJTIwY2xhc3MlM0QlMjJjdXN0b21pemUtdW5wcmV2aWV3YWJsZSUyMiUyMGhyZWYlM0QlMjIlMkZzZXJ2aWNvcyUyMiUyMHRhcmdldCUzRCUyMl9ibGFuayUyMiUyMHJlbCUzRCUyMm5vb3BlbmVyJTIwbm9yZWZlcnJlciUyMiUzRVBpbGF0ZXMlMjBDbCVDMyVBRG5pY28lM0MlMkZhJTNFJTBB[\/vc_raw_html][\/vc_column][vc_column width=&#8221;1\/6&#8243;][vc_raw_html]JTNDcCUyMGNsYXNzJTNEJTIycW9kZWYtaWwtdGV4dCUyMiUyMHN0eWxlJTNEJTIyY29sb3IlM0ElMjAlMjNmZmZmZmYlM0Jmb250LXNpemUlM0ElMjAxMnB4JTIyJTNFQ1VSU09TJTNDJTJGcCUzRSUwQSUwQSUzQ2ElMjBzdHlsZSUzRCUyMmNvbG9yJTNBJTIwJTIzZmZmZmZmJTNCZm9udC1zaXplJTNBJTIwMTJweCUyMiUyMGNsYXNzJTNEJTIyY3VzdG9taXplLXVucHJldmlld2FibGUlMjIlMjBocmVmJTNEJTIyJTIyJTIwdGFyZ2V0JTNEJTIyX2JsYW5rJTIyJTIwcmVsJTNEJTIybm9vcGVuZXIlMjBub3JlZmVycmVyJTIyJTNFTWFzc2FnZW0lMjBSZWxheGFudGUlM0MlMkZhJTNFJTBBJTNDYnIlM0UlMEElM0NhJTIwc3R5bGUlM0QlMjJjb2xvciUzQSUyMCUyM2ZmZmZmZiUzQmZvbnQtc2l6ZSUzQSUyMDEycHglMjIlMjBjbGFzcyUzRCUyMmN1c3RvbWl6ZS11bnByZXZpZXdhYmxlJTIyJTIwaHJlZiUzRCUyMiUyMiUyMHRhcmdldCUzRCUyMl9ibGFuayUyMiUyMHJlbCUzRCUyMm5vb3BlbmVyJTIwbm9yZWZlcnJlciUyMiUzRU1hc3NhZ2VtJTIwQXl1diVDMyVBOXJkaWNhJTNDJTJGYSUzRSUwQSUzQ2JyJTNF[\/vc_raw_html][\/vc_column][vc_column width=&#8221;1\/6&#8243;][vc_raw_html]JTNDcCUyMGNsYXNzJTNEJTIycW9kZWYtaWwtdGV4dCUyMiUyMHN0eWxlJTNEJTIyY29sb3IlM0ElMjAlMjNmZmZmZmYlM0Jmb250LXNpemUlM0ElMjAxMnB4JTIyJTNFJTNDYSUyMHN0eWxlJTNEJTIyY29sb3IlM0ElMjAlMjNmZmZmZmYlM0Jmb250LXNpemUlM0ElMjAxMnB4JTIyJTIwaHJlZiUzRCUyMiUyRmJsb2clMjIlM0VCTE9HJTNDJTJGYSUzRSUzQyUyRnAlM0UlMEElMEE=[\/vc_raw_html][\/vc_column][vc_column width=&#8221;1\/3&#8243;]<div role=\"form\" class=\"wpcf7\" id=\"wpcf7-f1108-o2\" lang=\"en-US\" dir=\"ltr\">\n<div class=\"screen-reader-response\"><\/div>\n<form action=\"\/index.php?rest_route=%2Fwp%2Fv2%2Fpages%2F4567#wpcf7-f1108-o2\" method=\"post\" class=\"wpcf7-form\" novalidate=\"novalidate\">\n<div style=\"display: none;\">\n<input type=\"hidden\" name=\"_wpcf7\" value=\"1108\" \/>\n<input type=\"hidden\" name=\"_wpcf7_version\" value=\"5.1.4\" \/>\n<input type=\"hidden\" name=\"_wpcf7_locale\" value=\"en_US\" \/>\n<input type=\"hidden\" name=\"_wpcf7_unit_tag\" value=\"wpcf7-f1108-o2\" \/>\n<input type=\"hidden\" name=\"_wpcf7_container_post\" value=\"0\" \/>\n<\/div>\n<div class=\"two_columns_50_50 clearfix\">\n<div class=\"column2\">\n<div class=\"column_inner\" style=\"font-size:12px;\">\n<span class=\"wpcf7-form-control-wrap email\"><input type=\"email\" name=\"email\" value=\"\" size=\"40\" class=\"wpcf7-form-control wpcf7-text wpcf7-email wpcf7-validates-as-required wpcf7-validates-as-email\" aria-required=\"true\" aria-invalid=\"false\" placeholder=\"Email\" \/><\/span>\n<\/div>\n<\/div>\n<\/div>\n<div class=\"qodef-btn qodef-btn-small qodef-btn-solid qodef-btn-icon qodef-custom-cf-7-button\"><input type=\"submit\" value=\"Enviar\" class=\"wpcf7-form-control wpcf7-submit\" \/><span class=\"qodef-btn-text\">OK<\/span><span class=\"qodef-btn-text-inner qodef-btn-text-inner-icon\"><i class=\"qodef-icon-ion-icon ion-arrow-right-c \"><\/i><i class=\"qodef-icon-ion-icon ion-arrow-right-c \"><\/i><\/span><\/div>\n<p><span class=\"wpcf7-form-control-wrap acceptance-496\"><span class=\"wpcf7-form-control wpcf7-acceptance\"><span class=\"wpcf7-list-item\"><label><input type=\"checkbox\" name=\"acceptance-496\" value=\"1\" aria-invalid=\"false\" \/><span class=\"wpcf7-list-item-label\"><span style=\"color:#fff; font-size:12px;\">Li e aceito a <a href=\"http:\/\/www.trevo.pt\/politica-de-privacidade\/\" target=\"_blank\" style=\"color:#fff; font-size:12px;\">Pol\u00edtica de Privacidade<\/a><\/span><\/span><\/label><\/span><\/span><\/span><\/p>\n<div class=\"wpcf7-response-output wpcf7-display-none\"><\/div><\/form><\/div>[\/vc_column][\/vc_row][\/vc_section]<\/p>\n","protected":false},"excerpt":{"rendered":"<p>[vc_row row_content_width=&#8221;grid&#8221; enable_grid_lines=&#8221;&#8221; css=&#8221;.vc_custom_1520434378363{padding-bottom: 130px !important;}&#8221;][vc_column offset=&#8221;vc_col-lg-offset-0 vc_col-lg-6 vc_col-md-offset-0 vc_col-md-12 vc_col-sm-offset-0&#8243;][vc_gmaps link=&#8221;#E-8_JTNDaWZyYW1lJTIwc3JjJTNEJTIyaHR0cHMlM0ElMkYlMkZ3d3cuZ29vZ2xlLmNvbSUyRm1hcHMlMkZlbWJlZCUzRnBiJTNEJTIxMW0xOCUyMTFtMTIlMjExbTMlMjExZDM4NzEuNTg4MDczMjEzODQ4JTIxMmQtOS4xMjU0NjM1MjMzNzk1ODclMjEzZDM4LjYzMTYyNjQ3MTc4MjAzJTIxMm0zJTIxMWYwJTIxMmYwJTIxM2YwJTIxM20yJTIxMWkxMDI0JTIxMmk3NjglMjE0ZjEzLjElMjEzbTMlMjExbTIlMjExczB4ZDE5NGJlYTA1Mjk4OTE1JTI1M0EweGVlYWVmZGJmNGNkMGQ3NzIlMjEyc1BhdmlsaCUyNUMzJTI1QTNvJTI1MjBNdW5pY2lwYWwlMjUyMENpZGFkZSUyNTIwZGUlMjUyMEFtb3JhJTIxNWUxJTIxM20yJTIxMXNwdC1QVCUyMTJzcHQlMjE0djE3NDA0OTg2MTgxMjclMjE1bTIlMjExc3B0LVBUJTIxMnNwdCUyMiUyMHdpZHRoJTNEJTIyNjAwJTIyJTIwaGVpZ2h0JTNEJTIyNDUwJTIyJTIwc3R5bGUlM0QlMjJib3JkZXIlM0EwJTNCJTIyJTIwYWxsb3dmdWxsc2NyZWVuJTNEJTIyJTIyJTIwbG9hZGluZyUzRCUyMmxhenklMjIlMjByZWZlcnJlcnBvbGljeSUzRCUyMm5vLXJlZmVycmVyLXdoZW4tZG93bmdyYWRlJTIyJTNFJTNDJTJGaWZyYW1lJTNF&#8221;][vc_empty_space height=&#8221;15px&#8221;][vc_row_inner enable_grid_lines=&#8221;&#8221;][vc_column_inner width=&#8221;1\/2&#8243;][vc_column_text] Morada [\/vc_column_text][vc_column_text css=&#8221;.vc_custom_1740498544323{margin-top: -10px !important;}&#8221;]Amora[\/vc_column_text][vc_empty_space height=&#8221;20px&#8221;][\/vc_column_inner][vc_column_inner width=&#8221;1\/2&#8243;][vc_column_text] Hor\u00e1rio [\/vc_column_text][vc_column_text css=&#8221;.vc_custom_1740498698551{margin-top: -10px !important;}&#8221;]Consulta os hor\u00e1rios atrav\u00e9s dos contactos dispon\u00edveis.[\/vc_column_text][vc_empty_space height=&#8221;20px&#8221;][\/vc_column_inner][\/vc_row_inner][vc_row_inner enable_grid_lines=&#8221;&#8221;][vc_column_inner width=&#8221;1\/2&#8243;][vc_column_text] Telefone [\/vc_column_text][vc_column_text css=&#8221;.vc_custom_1740498719890{margin-top: -10px !important;}&#8221;]+351 913 570 990 [\/vc_column_text][vc_empty_space height=&#8221;20px&#8221;][\/vc_column_inner][vc_column_inner width=&#8221;1\/2&#8243;][vc_column_text] EMail [\/vc_column_text][vc_column_text css=&#8221;.vc_custom_1572970373446{margin-top: -10px !important;}&#8221;]info.trevo@gmail.com[\/vc_column_text][vc_empty_space height=&#8221;20px&#8221;][\/vc_column_inner][\/vc_row_inner][\/vc_column][vc_column offset=&#8221;vc_col-lg-offset-0 vc_col-lg-6 [&hellip;]<\/p>\n","protected":false},"author":1,"featured_media":0,"parent":0,"menu_order":0,"comment_status":"closed","ping_status":"open","template":"full-width.php","meta":{"footnotes":""},"class_list":["post-4567","page","type-page","status-publish","hentry"],"yoast_head":"<!-- This site is optimized with the Yoast SEO plugin v27.5 - https:\/\/yoast.com\/product\/yoast-seo-wordpress\/ -->\n<title>CONTACTOS - TREVO<\/title>\n<meta name=\"robots\" content=\"index, follow, max-snippet:-1, max-image-preview:large, max-video-preview:-1\" \/>\n<link rel=\"canonical\" href=\"https:\/\/trevo.pt\/?page_id=4567\" \/>\n<meta property=\"og:locale\" content=\"pt_PT\" \/>\n<meta property=\"og:type\" content=\"article\" \/>\n<meta property=\"og:title\" content=\"CONTACTOS - TREVO\" \/>\n<meta property=\"og:description\" content=\"[vc_row row_content_width=&#8221;grid&#8221; enable_grid_lines=&#8221;&#8221; css=&#8221;.vc_custom_1520434378363{padding-bottom: 130px !important;}&#8221;][vc_column offset=&#8221;vc_col-lg-offset-0 vc_col-lg-6 vc_col-md-offset-0 vc_col-md-12 vc_col-sm-offset-0&#8243;][vc_gmaps link=&#8221;#E-8_JTNDaWZyYW1lJTIwc3JjJTNEJTIyaHR0cHMlM0ElMkYlMkZ3d3cuZ29vZ2xlLmNvbSUyRm1hcHMlMkZlbWJlZCUzRnBiJTNEJTIxMW0xOCUyMTFtMTIlMjExbTMlMjExZDM4NzEuNTg4MDczMjEzODQ4JTIxMmQtOS4xMjU0NjM1MjMzNzk1ODclMjEzZDM4LjYzMTYyNjQ3MTc4MjAzJTIxMm0zJTIxMWYwJTIxMmYwJTIxM2YwJTIxM20yJTIxMWkxMDI0JTIxMmk3NjglMjE0ZjEzLjElMjEzbTMlMjExbTIlMjExczB4ZDE5NGJlYTA1Mjk4OTE1JTI1M0EweGVlYWVmZGJmNGNkMGQ3NzIlMjEyc1BhdmlsaCUyNUMzJTI1QTNvJTI1MjBNdW5pY2lwYWwlMjUyMENpZGFkZSUyNTIwZGUlMjUyMEFtb3JhJTIxNWUxJTIxM20yJTIxMXNwdC1QVCUyMTJzcHQlMjE0djE3NDA0OTg2MTgxMjclMjE1bTIlMjExc3B0LVBUJTIxMnNwdCUyMiUyMHdpZHRoJTNEJTIyNjAwJTIyJTIwaGVpZ2h0JTNEJTIyNDUwJTIyJTIwc3R5bGUlM0QlMjJib3JkZXIlM0EwJTNCJTIyJTIwYWxsb3dmdWxsc2NyZWVuJTNEJTIyJTIyJTIwbG9hZGluZyUzRCUyMmxhenklMjIlMjByZWZlcnJlcnBvbGljeSUzRCUyMm5vLXJlZmVycmVyLXdoZW4tZG93bmdyYWRlJTIyJTNFJTNDJTJGaWZyYW1lJTNF&#8221;][vc_empty_space height=&#8221;15px&#8221;][vc_row_inner enable_grid_lines=&#8221;&#8221;][vc_column_inner width=&#8221;1\/2&#8243;][vc_column_text] Morada [\/vc_column_text][vc_column_text css=&#8221;.vc_custom_1740498544323{margin-top: -10px !important;}&#8221;]Amora[\/vc_column_text][vc_empty_space height=&#8221;20px&#8221;][\/vc_column_inner][vc_column_inner width=&#8221;1\/2&#8243;][vc_column_text] Hor\u00e1rio [\/vc_column_text][vc_column_text css=&#8221;.vc_custom_1740498698551{margin-top: -10px !important;}&#8221;]Consulta os hor\u00e1rios atrav\u00e9s dos contactos dispon\u00edveis.[\/vc_column_text][vc_empty_space height=&#8221;20px&#8221;][\/vc_column_inner][\/vc_row_inner][vc_row_inner enable_grid_lines=&#8221;&#8221;][vc_column_inner width=&#8221;1\/2&#8243;][vc_column_text] Telefone [\/vc_column_text][vc_column_text css=&#8221;.vc_custom_1740498719890{margin-top: -10px !important;}&#8221;]+351 913 570 990 [\/vc_column_text][vc_empty_space height=&#8221;20px&#8221;][\/vc_column_inner][vc_column_inner width=&#8221;1\/2&#8243;][vc_column_text] EMail [\/vc_column_text][vc_column_text css=&#8221;.vc_custom_1572970373446{margin-top: -10px !important;}&#8221;]info.trevo@gmail.com[\/vc_column_text][vc_empty_space height=&#8221;20px&#8221;][\/vc_column_inner][\/vc_row_inner][\/vc_column][vc_column offset=&#8221;vc_col-lg-offset-0 vc_col-lg-6 [&hellip;]\" \/>\n<meta property=\"og:url\" content=\"https:\/\/trevo.pt\/?page_id=4567\" \/>\n<meta property=\"og:site_name\" content=\"TREVO\" \/>\n<meta property=\"article:modified_time\" content=\"2025-02-26T09:44:58+00:00\" \/>\n<meta name=\"twitter:card\" content=\"summary_large_image\" \/>\n<meta name=\"twitter:label1\" content=\"Tempo estimado de leitura\" \/>\n\t<meta name=\"twitter:data1\" content=\"4 minutos\" \/>\n<script type=\"application\/ld+json\" class=\"yoast-schema-graph\">{\"@context\":\"https:\\\/\\\/schema.org\",\"@graph\":[{\"@type\":\"WebPage\",\"@id\":\"https:\\\/\\\/trevo.pt\\\/?page_id=4567\",\"url\":\"https:\\\/\\\/trevo.pt\\\/?page_id=4567\",\"name\":\"CONTACTOS - TREVO\",\"isPartOf\":{\"@id\":\"https:\\\/\\\/trevo.pt\\\/#website\"},\"datePublished\":\"2019-11-05T16:51:26+00:00\",\"dateModified\":\"2025-02-26T09:44:58+00:00\",\"breadcrumb\":{\"@id\":\"https:\\\/\\\/trevo.pt\\\/?page_id=4567#breadcrumb\"},\"inLanguage\":\"pt-PT\",\"potentialAction\":[{\"@type\":\"ReadAction\",\"target\":[\"https:\\\/\\\/trevo.pt\\\/?page_id=4567\"]}]},{\"@type\":\"BreadcrumbList\",\"@id\":\"https:\\\/\\\/trevo.pt\\\/?page_id=4567#breadcrumb\",\"itemListElement\":[{\"@type\":\"ListItem\",\"position\":1,\"name\":\"In\u00edcio\",\"item\":\"https:\\\/\\\/trevo.pt\\\/\"},{\"@type\":\"ListItem\",\"position\":2,\"name\":\"CONTACTOS\"}]},{\"@type\":\"WebSite\",\"@id\":\"https:\\\/\\\/trevo.pt\\\/#website\",\"url\":\"https:\\\/\\\/trevo.pt\\\/\",\"name\":\"TREVO\",\"description\":\"GIN\u00c1SIO\",\"potentialAction\":[{\"@type\":\"SearchAction\",\"target\":{\"@type\":\"EntryPoint\",\"urlTemplate\":\"https:\\\/\\\/trevo.pt\\\/?s={search_term_string}\"},\"query-input\":{\"@type\":\"PropertyValueSpecification\",\"valueRequired\":true,\"valueName\":\"search_term_string\"}}],\"inLanguage\":\"pt-PT\"}]}<\/script>\n<!-- \/ Yoast SEO plugin. -->","yoast_head_json":{"title":"CONTACTOS - TREVO","robots":{"index":"index","follow":"follow","max-snippet":"max-snippet:-1","max-image-preview":"max-image-preview:large","max-video-preview":"max-video-preview:-1"},"canonical":"https:\/\/trevo.pt\/?page_id=4567","og_locale":"pt_PT","og_type":"article","og_title":"CONTACTOS - TREVO","og_description":"[vc_row row_content_width=&#8221;grid&#8221; enable_grid_lines=&#8221;&#8221; css=&#8221;.vc_custom_1520434378363{padding-bottom: 130px !important;}&#8221;][vc_column offset=&#8221;vc_col-lg-offset-0 vc_col-lg-6 vc_col-md-offset-0 vc_col-md-12 vc_col-sm-offset-0&#8243;][vc_gmaps link=&#8221;#E-8_JTNDaWZyYW1lJTIwc3JjJTNEJTIyaHR0cHMlM0ElMkYlMkZ3d3cuZ29vZ2xlLmNvbSUyRm1hcHMlMkZlbWJlZCUzRnBiJTNEJTIxMW0xOCUyMTFtMTIlMjExbTMlMjExZDM4NzEuNTg4MDczMjEzODQ4JTIxMmQtOS4xMjU0NjM1MjMzNzk1ODclMjEzZDM4LjYzMTYyNjQ3MTc4MjAzJTIxMm0zJTIxMWYwJTIxMmYwJTIxM2YwJTIxM20yJTIxMWkxMDI0JTIxMmk3NjglMjE0ZjEzLjElMjEzbTMlMjExbTIlMjExczB4ZDE5NGJlYTA1Mjk4OTE1JTI1M0EweGVlYWVmZGJmNGNkMGQ3NzIlMjEyc1BhdmlsaCUyNUMzJTI1QTNvJTI1MjBNdW5pY2lwYWwlMjUyMENpZGFkZSUyNTIwZGUlMjUyMEFtb3JhJTIxNWUxJTIxM20yJTIxMXNwdC1QVCUyMTJzcHQlMjE0djE3NDA0OTg2MTgxMjclMjE1bTIlMjExc3B0LVBUJTIxMnNwdCUyMiUyMHdpZHRoJTNEJTIyNjAwJTIyJTIwaGVpZ2h0JTNEJTIyNDUwJTIyJTIwc3R5bGUlM0QlMjJib3JkZXIlM0EwJTNCJTIyJTIwYWxsb3dmdWxsc2NyZWVuJTNEJTIyJTIyJTIwbG9hZGluZyUzRCUyMmxhenklMjIlMjByZWZlcnJlcnBvbGljeSUzRCUyMm5vLXJlZmVycmVyLXdoZW4tZG93bmdyYWRlJTIyJTNFJTNDJTJGaWZyYW1lJTNF&#8221;][vc_empty_space height=&#8221;15px&#8221;][vc_row_inner enable_grid_lines=&#8221;&#8221;][vc_column_inner width=&#8221;1\/2&#8243;][vc_column_text] Morada [\/vc_column_text][vc_column_text css=&#8221;.vc_custom_1740498544323{margin-top: -10px !important;}&#8221;]Amora[\/vc_column_text][vc_empty_space height=&#8221;20px&#8221;][\/vc_column_inner][vc_column_inner width=&#8221;1\/2&#8243;][vc_column_text] Hor\u00e1rio [\/vc_column_text][vc_column_text css=&#8221;.vc_custom_1740498698551{margin-top: -10px !important;}&#8221;]Consulta os hor\u00e1rios atrav\u00e9s dos contactos dispon\u00edveis.[\/vc_column_text][vc_empty_space height=&#8221;20px&#8221;][\/vc_column_inner][\/vc_row_inner][vc_row_inner enable_grid_lines=&#8221;&#8221;][vc_column_inner width=&#8221;1\/2&#8243;][vc_column_text] Telefone [\/vc_column_text][vc_column_text css=&#8221;.vc_custom_1740498719890{margin-top: -10px !important;}&#8221;]+351 913 570 990 [\/vc_column_text][vc_empty_space height=&#8221;20px&#8221;][\/vc_column_inner][vc_column_inner width=&#8221;1\/2&#8243;][vc_column_text] EMail [\/vc_column_text][vc_column_text css=&#8221;.vc_custom_1572970373446{margin-top: -10px !important;}&#8221;]info.trevo@gmail.com[\/vc_column_text][vc_empty_space height=&#8221;20px&#8221;][\/vc_column_inner][\/vc_row_inner][\/vc_column][vc_column offset=&#8221;vc_col-lg-offset-0 vc_col-lg-6 [&hellip;]","og_url":"https:\/\/trevo.pt\/?page_id=4567","og_site_name":"TREVO","article_modified_time":"2025-02-26T09:44:58+00:00","twitter_card":"summary_large_image","twitter_misc":{"Tempo estimado de leitura":"4 minutos"},"schema":{"@context":"https:\/\/schema.org","@graph":[{"@type":"WebPage","@id":"https:\/\/trevo.pt\/?page_id=4567","url":"https:\/\/trevo.pt\/?page_id=4567","name":"CONTACTOS - TREVO","isPartOf":{"@id":"https:\/\/trevo.pt\/#website"},"datePublished":"2019-11-05T16:51:26+00:00","dateModified":"2025-02-26T09:44:58+00:00","breadcrumb":{"@id":"https:\/\/trevo.pt\/?page_id=4567#breadcrumb"},"inLanguage":"pt-PT","potentialAction":[{"@type":"ReadAction","target":["https:\/\/trevo.pt\/?page_id=4567"]}]},{"@type":"BreadcrumbList","@id":"https:\/\/trevo.pt\/?page_id=4567#breadcrumb","itemListElement":[{"@type":"ListItem","position":1,"name":"In\u00edcio","item":"https:\/\/trevo.pt\/"},{"@type":"ListItem","position":2,"name":"CONTACTOS"}]},{"@type":"WebSite","@id":"https:\/\/trevo.pt\/#website","url":"https:\/\/trevo.pt\/","name":"TREVO","description":"GIN\u00c1SIO","potentialAction":[{"@type":"SearchAction","target":{"@type":"EntryPoint","urlTemplate":"https:\/\/trevo.pt\/?s={search_term_string}"},"query-input":{"@type":"PropertyValueSpecification","valueRequired":true,"valueName":"search_term_string"}}],"inLanguage":"pt-PT"}]}},"_links":{"self":[{"href":"https:\/\/trevo.pt\/index.php?rest_route=\/wp\/v2\/pages\/4567","targetHints":{"allow":["GET"]}}],"collection":[{"href":"https:\/\/trevo.pt\/index.php?rest_route=\/wp\/v2\/pages"}],"about":[{"href":"https:\/\/trevo.pt\/index.php?rest_route=\/wp\/v2\/types\/page"}],"author":[{"embeddable":true,"href":"https:\/\/trevo.pt\/index.php?rest_route=\/wp\/v2\/users\/1"}],"replies":[{"embeddable":true,"href":"https:\/\/trevo.pt\/index.php?rest_route=%2Fwp%2Fv2%2Fcomments&post=4567"}],"version-history":[{"count":6,"href":"https:\/\/trevo.pt\/index.php?rest_route=\/wp\/v2\/pages\/4567\/revisions"}],"predecessor-version":[{"id":4941,"href":"https:\/\/trevo.pt\/index.php?rest_route=\/wp\/v2\/pages\/4567\/revisions\/4941"}],"wp:attachment":[{"href":"https:\/\/trevo.pt\/index.php?rest_route=%2Fwp%2Fv2%2Fmedia&parent=4567"}],"curies":[{"name":"wp","href":"https:\/\/api.w.org\/{rel}","templated":true}]}}