{"id":4774,"date":"2020-03-06T00:12:20","date_gmt":"2020-03-06T00:12:20","guid":{"rendered":"https:\/\/trevo.pt\/?page_id=4774"},"modified":"2025-02-26T09:41:26","modified_gmt":"2025-02-26T09:41:26","slug":"curso-massagem-ayuverdica","status":"publish","type":"page","link":"https:\/\/trevo.pt\/?page_id=4774","title":{"rendered":"Curso Massagem Ayuv\u00e9rdica"},"content":{"rendered":"<p>[vc_row full_height=&#8221;yes&#8221; columns_placement=&#8221;top&#8221; equal_height=&#8221;yes&#8221; enable_grid_lines=&#8221;&#8221; css=&#8221;.vc_custom_1580987470216{margin-top: -150px !important;margin-bottom: 100px !important;background-color: #eaeaea !important;}&#8221;][vc_column][vc_row_inner row_content_width=&#8221;grid&#8221; enable_grid_lines=&#8221;&#8221;][vc_column_inner width=&#8221;1\/3&#8243;][qodef_icon_with_text type=&#8221;icon-left&#8221; icon_pack=&#8221;linea_icons&#8221; linea_icon=&#8221;icon-arrows-circle-plus&#8221; icon_size=&#8221;qodef-icon-small&#8221; title_tag=&#8221;h6&#8243; title=&#8221;Data do curso&#8221; title_top_margin=&#8221;10&#8243; icon_color=&#8221;#b7d166&#8243; icon_hover_color=&#8221;#b7d166&#8243;][vc_column_text]<\/p>\n<p style=\"font-size: 14px; color: #3d3d3d; margin-left: 45px;\"><strong>Suspenso<\/strong><br \/>\nS\u00e1bado: 9h-13h e das 14h-18h<br \/>\nDomingo: 10h-13h e das 14h-17h<br \/>\n<strong>Dura\u00e7\u00e3o: 90h<\/strong><\/p>\n<p>[\/vc_column_text][\/vc_column_inner][vc_column_inner width=&#8221;1\/3&#8243;][qodef_icon_with_text type=&#8221;icon-left&#8221; icon_pack=&#8221;linea_icons&#8221; linea_icon=&#8221;icon-basic-clock&#8221; icon_size=&#8221;qodef-icon-small&#8221; title_tag=&#8221;h6&#8243; title=&#8221;CARGA HOR\u00c1RIA TOTAL&#8221; title_top_margin=&#8221;10&#8243; icon_color=&#8221;#b7d166&#8243; icon_hover_color=&#8221;#b7d166&#8243;][vc_column_text]<\/p>\n<p style=\"font-size: 14px; color: #3d3d3d; margin-left: 45px;\"><strong>90 horas Totais<\/strong><\/p>\n<p style=\"font-size: 14px; color: #3d3d3d; margin-left: 55px;\">28h Te\u00f3rico<\/p>\n<p style=\"font-size: 14px; color: #3d3d3d; margin-left: 55px;\">56h Pr\u00e1tica<\/p>\n<p style=\"font-size: 14px; color: #3d3d3d; margin-left: 55px;\">4h Forma\u00e7\u00e3o em contexto de trabalho<\/p>\n<p>[\/vc_column_text][\/vc_column_inner][vc_column_inner width=&#8221;1\/3&#8243;][qodef_icon_with_text type=&#8221;icon-left&#8221; icon_pack=&#8221;linea_icons&#8221; linea_icon=&#8221;icon-basic-case&#8221; icon_size=&#8221;qodef-icon-small&#8221; title_tag=&#8221;h6&#8243; title=&#8221;SA\u00cdDAS PROFISSIONAIS&#8221; title_top_margin=&#8221;10&#8243; icon_color=&#8221;#b7d166&#8243; icon_hover_color=&#8221;#b7d166&#8243;][vc_column_text]<\/p>\n<p style=\"font-size: 14px; color: #3d3d3d; margin-left: 45px;\">Centro de Medicina F\u00edsica e Reabilita\u00e7\u00e3o, Centros de est\u00e9tica e beleza, Hot\u00e9is, Resorts, Est\u00e2ncias de Turismo,Estancias Termais, Clubes desportivos, Centros de sa\u00fade e bem-estar, etc.<\/p>\n<p>[\/vc_column_text][\/vc_column_inner][\/vc_row_inner][\/vc_column][\/vc_row][vc_row enable_grid_lines=&#8221;&#8221;][vc_column][vc_empty_space height=&#8221;80&#8243;][\/vc_column][\/vc_row][vc_row row_content_width=&#8221;grid&#8221; enable_grid_lines=&#8221;&#8221; css=&#8221;.vc_custom_1580991515842{margin-left: 30px !important;padding-bottom: 130px !important;}&#8221;][vc_column offset=&#8221;vc_col-lg-offset-0 vc_col-lg-6 vc_col-md-offset-0 vc_col-md-12 vc_col-sm-offset-0&#8243; css=&#8221;.vc_custom_1580991534642{margin-right: 30px !important;background-color: #eaeaea !important;}&#8221;][vc_empty_space height=&#8221;15px&#8221;][vc_custom_heading text=&#8221;Descri\u00e7\u00e3o&#8221; font_container=&#8221;tag:h6|font_size:20|text_align:left|color:%236f7d45&#8243; use_theme_fonts=&#8221;yes&#8221; css=&#8221;.vc_custom_1580917722612{margin-left: 30px !important;}&#8221;][vc_column_text]<\/p>\n<p style=\"font-size: 15px; color: #3d3d3d; margin-left: 30px;\">\u00c9 uma massagem profundamente relaxante, actuando no campo f\u00edsico e energ\u00e9tico, tendo a fun\u00e7\u00e3o de purifica\u00e7\u00e3o e manuten\u00e7\u00e3o da sa\u00fade corporal. Tem como objectivo restaurar o bem-estar f\u00edsico, mental, energ\u00e9tico e emocional.<\/p>\n<p style=\"font-size: 15px; color: #3d3d3d; margin-left: 30px;\">A massagem Ayurv\u00e9dica age nos sistemas: linf\u00e1tico (desintoxicando o organismo), circulat\u00f3rio (aumentando a produ\u00e7\u00e3o de gl\u00f3bulos brancos e a nutri\u00e7\u00e3o e oxigena\u00e7\u00e3o celular) e energ\u00e9tico (reequilibrando o chakra e actuando nos sete corpos &#8211; desfazendo bloqueios emocionais). Dessa forma contribuindo na cura das principais doen\u00e7as.<\/p>\n<p>[\/vc_column_text][vc_empty_space height=&#8221;25px&#8221;][vc_custom_heading text=&#8221;Descri\u00e7\u00e3o&#8221; font_container=&#8221;tag:h6|font_size:20|text_align:left|color:%236f7d45&#8243; use_theme_fonts=&#8221;yes&#8221; css=&#8221;.vc_custom_1580917722612{margin-left: 30px !important;}&#8221;][vc_column_text]<\/p>\n<p style=\"font-size: 15px; color: #3d3d3d; margin-left: 30px;\">&#8211; Apresenta\u00e7\u00e3o<br \/>\n&#8211; Fundamentos da Massagem<br \/>\n&#8211; Anatomia e Fisiologia Humana<br \/>\n&#8211; Indica\u00e7\u00f5es \/ Contra-indica\u00e7\u00f5es da massagem<br \/>\n&#8211; Introdu\u00e7\u00e3o \u00e0 Ayurv\u00e9da<br \/>\n&#8211; Os fundamentos da Ayurv\u00e9da<br \/>\n&#8211; T\u00e9cnicas essenciais da Massagem Ayuv\u00e9rdica<br \/>\n&#8211; Pratica de massagem<br \/>\n&#8211; Tipos de \u00f3leos e cremes mais adequados a uma Massagem Ayuv\u00e9rdica<\/p>\n<p>[\/vc_column_text][vc_empty_space height=&#8221;25px&#8221;][\/vc_column][vc_column offset=&#8221;vc_col-lg-offset-0 vc_col-lg-6 vc_col-md-offset-0 vc_col-md-12 vc_col-sm-offset-0&#8243; css=&#8221;.vc_custom_1580919144752{margin-left: 10px !important;}&#8221;][vc_row_inner enable_grid_lines=&#8221;&#8221;][vc_column_inner css=&#8221;.vc_custom_1580919138168{background-color: #eaeaea !important;}&#8221;][vc_empty_space height=&#8221;15px&#8221;][vc_custom_heading text=&#8221;Inclui&#8221; font_container=&#8221;tag:h6|font_size:20|text_align:left|color:%236f7d45&#8243; use_theme_fonts=&#8221;yes&#8221; css=&#8221;.vc_custom_1580918737303{margin-left: 30px !important;}&#8221;][vc_column_text]<\/p>\n<ul>\n<li style=\"font-size: 15px; color: #3d3d3d; margin-left: 30px;\">Manual t\u00e9cnico<\/li>\n<\/ul>\n<p style=\"font-size: 15px; color: #3d3d3d; margin-left: 30px;\">O formando n\u00e3o ter\u00e1 qualquer custo adicional, estando todos os materiais necess\u00e1rios para a forma\u00e7\u00e3o, inclu\u00eddos no valor do curso<\/p>\n<p>[\/vc_column_text][vc_empty_space height=&#8221;25px&#8221;][\/vc_column_inner][\/vc_row_inner][vc_row_inner enable_grid_lines=&#8221;&#8221; css=&#8221;.vc_custom_1580991500490{margin-top: 30px !important;background-color: #eaeaea !important;}&#8221;][vc_column_inner][vc_empty_space height=&#8221;15px&#8221;][vc_custom_heading text=&#8221;Investimento&#8221; font_container=&#8221;tag:h6|font_size:20|text_align:left|color:%236f7d45&#8243; use_theme_fonts=&#8221;yes&#8221; css=&#8221;.vc_custom_1580919540774{margin-left: 30px !important;}&#8221;][vc_column_text]<\/p>\n<ul>\n<li style=\"font-size: 15px; color: #3d3d3d; margin-left: 30px;\">Inscri\u00e7\u00e3o: 100,00 euros<\/li>\n<li style=\"font-size: 15px; color: #3d3d3d; margin-left: 30px;\">Forma\u00e7\u00e3o: 750,00 euros\n<ul>\n<li style=\"font-size: 15px; color: #3d3d3d; margin-left: 30px;\">5 Presta\u00e7\u00f5es: 150,00 euros<\/li>\n<\/ul>\n<\/li>\n<\/ul>\n<p>[\/vc_column_text][vc_empty_space height=&#8221;25px&#8221;][\/vc_column_inner][\/vc_row_inner][vc_row_inner enable_grid_lines=&#8221;&#8221; css=&#8221;.vc_custom_1580991430877{margin-top: 30px !important;background-color: #eaeaea !important;}&#8221;][vc_column_inner][vc_empty_space height=&#8221;15px&#8221;][vc_custom_heading text=&#8221;Documentos Necess\u00e1rios&#8221; font_container=&#8221;tag:h6|font_size:20|text_align:left|color:%236f7d45&#8243; use_theme_fonts=&#8221;yes&#8221; css=&#8221;.vc_custom_1580989607388{margin-left: 30px !important;}&#8221;][vc_column_text]<\/p>\n<ul>\n<li style=\"font-size: 15px; color: #3d3d3d; margin-left: 30px;\">Cart\u00e3o de Cidad\u00e3o<\/li>\n<\/ul>\n<p>[\/vc_column_text][vc_empty_space height=&#8221;25px&#8221;][\/vc_column_inner][\/vc_row_inner][vc_empty_space height=&#8221;45px&#8221;][qodef_button size=&#8221;small&#8221; text=&#8221;PDF IMPRIMIR&#8221; target=&#8221;_self&#8221; icon_pack=&#8221;font_awesome&#8221; fa_icon=&#8221;fa-print&#8221; font_weight=&#8221;&#8221; text_transform=&#8221;&#8221; link=&#8221;https:\/\/trevo.pt\/wp-content\/uploads\/2020\/03\/curso-massagem-ayovedrica.pdf&#8221;][vc_empty_space height=&#8221;15px&#8221;][qodef_button size=&#8221;small&#8221; text=&#8221;INSCREVER-SE&#8221; target=&#8221;_self&#8221; icon_pack=&#8221;font_awesome&#8221; fa_icon=&#8221;fa-print&#8221; font_weight=&#8221;&#8221; text_transform=&#8221;&#8221; link=&#8221;mailto:info.trevo@gmail.com&#8221;][\/vc_column][\/vc_row][vc_row enable_grid_lines=&#8221;&#8221; content_text_aligment=&#8221;center&#8221; css=&#8221;.vc_custom_1572970889119{padding-top: 50px !important;padding-bottom: 75px !important;}&#8221; simple_background_color=&#8221;#b7d166&#8243;][vc_column][vc_column_text]<\/p>\n<h5><span style=\"color: #ffffff;\">SIGA-NOS<\/span><\/h5>\n<p>[\/vc_column_text][vc_empty_space height=&#8221;30px&#8221;][qodef_icon icon_pack=&#8221;font_awesome&#8221; fa_icon=&#8221;fa-facebook&#8221; size=&#8221;qodef-icon-large&#8221; type=&#8221;qodef-circle&#8221; target=&#8221;_blank&#8221; custom_size=&#8221;20&#8243; shape_size=&#8221;55&#8243; link=&#8221;https:\/\/www.facebook.com\/ginasiotrevo&#8221; background_color=&#8221;#b7d166&#8243; hover_icon_color=&#8221;#b7d166&#8243; hover_background_color=&#8221;#ffffff&#8221; margin=&#8221;0px 15px 0px 0px&#8221;][qodef_icon icon_pack=&#8221;font_awesome&#8221; fa_icon=&#8221;fa-instagram&#8221; size=&#8221;qodef-icon-large&#8221; type=&#8221;qodef-circle&#8221; target=&#8221;_blank&#8221; custom_size=&#8221;20&#8243; shape_size=&#8221;55&#8243; link=&#8221;https:\/\/www.instagram.com\/ginasio_trevo\/&#8221; background_color=&#8221;#b7d166&#8243; hover_icon_color=&#8221;#b7d166&#8243; hover_background_color=&#8221;#ffffff&#8221; margin=&#8221;0px 15px 0px 0px&#8221;][\/vc_column][\/vc_row][vc_section full_width=&#8221;stretch_row&#8221; css=&#8221;.vc_custom_1572888006293{background-color: #363636 !important;}&#8221;][vc_row row_content_width=&#8221;grid&#8221; enable_grid_lines=&#8221;&#8221;][vc_column width=&#8221;1\/6&#8243;][vc_raw_html]JTNDcCUyMGNsYXNzJTNEJTIycW9kZWYtaWwtdGV4dCUyMiUyMHN0eWxlJTNEJTIyY29sb3IlM0ElMjAlMjNmZmZmZmYlM0Jmb250LXNpemUlM0ElMjAxMnB4JTIyJTNFVFJFVk8lM0MlMkZwJTNFJTBBJTNDYSUyMHN0eWxlJTNEJTIyY29sb3IlM0ElMjAlMjNmZmZmZmYlM0Jmb250LXNpemUlM0ElMjAxMnB4JTIyJTIwY2xhc3MlM0QlMjJjdXN0b21pemUtdW5wcmV2aWV3YWJsZSUyMiUyMGhyZWYlM0QlMjIlMkZjb250YWN0b3MlMjIlMjByZWwlM0QlMjJub29wZW5lciUyMG5vcmVmZXJyZXIlMjIlM0VDb250YWN0b3MlM0MlMkZhJTNFJTBBJTNDYnIlM0UlMEElM0NhJTIwc3R5bGUlM0QlMjJjb2xvciUzQSUyMCUyM2ZmZmZmZiUzQmZvbnQtc2l6ZSUzQSUyMDEycHglMjIlMjBjbGFzcyUzRCUyMmN1c3RvbWl6ZS11bnByZXZpZXdhYmxlJTIyJTIwaHJlZiUzRCUyMiUyRnRyZXZvZW1jYXNhJTIyJTIwcmVsJTNEJTIybm9vcGVuZXIlMjBub3JlZmVycmVyJTIyJTNFVHJldm8lMjBlbSUyMGNhc2ElM0MlMkZhJTNF[\/vc_raw_html][\/vc_column][vc_column width=&#8221;1\/6&#8243;][vc_raw_html]JTNDcCUyMGNsYXNzJTNEJTIycW9kZWYtaWwtdGV4dCUyMiUyMHN0eWxlJTNEJTIyY29sb3IlM0ElMjAlMjNmZmZmZmYlM0Jmb250LXNpemUlM0ElMjAxMnB4JTIyJTNFU0VSVkklQzMlODdPUyUzQyUyRnAlM0UlMEElMEElM0NhJTIwc3R5bGUlM0QlMjJjb2xvciUzQSUyMCUyM2ZmZmZmZiUzQmZvbnQtc2l6ZSUzQSUyMDEycHglMjIlMjBjbGFzcyUzRCUyMmN1c3RvbWl6ZS11bnByZXZpZXdhYmxlJTIyJTIwaHJlZiUzRCUyMiUyRnNlcnZpY29zJTIyJTIwdGFyZ2V0JTNEJTIyJTIyJTIwcmVsJTNEJTIybm9vcGVuZXIlMjBub3JlZmVycmVyJTIyJTNFUmVhYmlsaXRhJUMzJUE3JUMzJUEzbyUyMEYlQzMlQURzaWNhJTNDJTJGYSUzRSUwQSUzQ2JyJTNFJTBBJTNDYSUyMHN0eWxlJTNEJTIyY29sb3IlM0ElMjAlMjNmZmZmZmYlM0Jmb250LXNpemUlM0ElMjAxMnB4JTIyJTIwY2xhc3MlM0QlMjJjdXN0b21pemUtdW5wcmV2aWV3YWJsZSUyMiUyMGhyZWYlM0QlMjIlMkZzZXJ2aWNvcyUyMiUyMHRhcmdldCUzRCUyMiUyMiUyMHJlbCUzRCUyMm5vb3BlbmVyJTIwbm9yZWZlcnJlciUyMiUzRVBlcnNvbmFsJTIwVHJhaW5lciUzQyUyRmElM0UlMEElM0NiciUzRSUwQSUzQ2ElMjBzdHlsZSUzRCUyMmNvbG9yJTNBJTIwJTIzZmZmZmZmJTNCZm9udC1zaXplJTNBJTIwMTJweCUyMiUyMGNsYXNzJTNEJTIyY3VzdG9taXplLXVucHJldmlld2FibGUlMjIlMjBocmVmJTNEJTIyJTJGc2Vydmljb3MlMjIlMjB0YXJnZXQlM0QlMjJfYmxhbmslMjIlMjByZWwlM0QlMjJub29wZW5lciUyMG5vcmVmZXJyZXIlMjIlM0VOdXRyaSVDMyVBNyVDMyVBM28lM0MlMkZhJTNFJTBBJTNDYnIlM0UlMEElM0NhJTIwc3R5bGUlM0QlMjJjb2xvciUzQSUyMCUyM2ZmZmZmZiUzQmZvbnQtc2l6ZSUzQSUyMDEycHglMjIlMjBjbGFzcyUzRCUyMmN1c3RvbWl6ZS11bnByZXZpZXdhYmxlJTIyJTIwaHJlZiUzRCUyMiUyRnNlcnZpY29zJTIyJTIwdGFyZ2V0JTNEJTIyX2JsYW5rJTIyJTIwcmVsJTNEJTIybm9vcGVuZXIlMjBub3JlZmVycmVyJTIyJTNFUmVsYXhhbWVudG8lM0MlMkZhJTNFJTBBJTNDYnIlM0UlMEElM0NhJTIwc3R5bGUlM0QlMjJjb2xvciUzQSUyMCUyM2ZmZmZmZiUzQmZvbnQtc2l6ZSUzQSUyMDEycHglMjIlMjBjbGFzcyUzRCUyMmN1c3RvbWl6ZS11bnByZXZpZXdhYmxlJTIyJTIwaHJlZiUzRCUyMiUyRnNlcnZpY29zJTIyJTIwdGFyZ2V0JTNEJTIyX2JsYW5rJTIyJTIwcmVsJTNEJTIybm9vcGVuZXIlMjBub3JlZmVycmVyJTIyJTNFRm9ybWElQzMlQTclQzMlQTNvJTNDJTJGYSUzRSUwQSUzQ2JyJTNFJTBBJTNDYSUyMHN0eWxlJTNEJTIyY29sb3IlM0ElMjAlMjNmZmZmZmYlM0Jmb250LXNpemUlM0ElMjAxMnB4JTIyJTIwY2xhc3MlM0QlMjJjdXN0b21pemUtdW5wcmV2aWV3YWJsZSUyMiUyMGhyZWYlM0QlMjIlMkZzZXJ2aWNvcyUyMiUyMHRhcmdldCUzRCUyMl9ibGFuayUyMiUyMHJlbCUzRCUyMm5vb3BlbmVyJTIwbm9yZWZlcnJlciUyMiUzRUF2YWxpYSVDMyVBNyVDMyVBM28lMjBGJUMzJUFEc2ljYSUzQyUyRmElM0UlMEElM0NiciUzRSUwQSUzQ2ElMjBzdHlsZSUzRCUyMmNvbG9yJTNBJTIwJTIzZmZmZmZmJTNCZm9udC1zaXplJTNBJTIwMTJweCUyMiUyMGNsYXNzJTNEJTIyY3VzdG9taXplLXVucHJldmlld2FibGUlMjIlMjBocmVmJTNEJTIyJTJGc2Vydmljb3MlMjIlMjB0YXJnZXQlM0QlMjJfYmxhbmslMjIlMjByZWwlM0QlMjJub29wZW5lciUyMG5vcmVmZXJyZXIlMjIlM0VQaWxhdGVzJTNDJTJGYSUzRSUwQSUzQ2JyJTNFJTBBJTNDYSUyMHN0eWxlJTNEJTIyY29sb3IlM0ElMjAlMjNmZmZmZmYlM0Jmb250LXNpemUlM0ElMjAxMnB4JTIyJTIwY2xhc3MlM0QlMjJjdXN0b21pemUtdW5wcmV2aWV3YWJsZSUyMiUyMGhyZWYlM0QlMjIlMkZzZXJ2aWNvcyUyMiUyMHRhcmdldCUzRCUyMl9ibGFuayUyMiUyMHJlbCUzRCUyMm5vb3BlbmVyJTIwbm9yZWZlcnJlciUyMiUzRVBpbGF0ZXMlMjBDbCVDMyVBRG5pY28lM0MlMkZhJTNF[\/vc_raw_html][\/vc_column][vc_column width=&#8221;1\/6&#8243;][vc_raw_html]JTNDcCUyMGNsYXNzJTNEJTIycW9kZWYtaWwtdGV4dCUyMiUyMHN0eWxlJTNEJTIyY29sb3IlM0ElMjAlMjNmZmZmZmYlM0Jmb250LXNpemUlM0ElMjAxMnB4JTIyJTNFQ1VSU09TJTNDJTJGcCUzRSUwQSUwQSUzQ2ElMjBzdHlsZSUzRCUyMmNvbG9yJTNBJTIwJTIzZmZmZmZmJTNCZm9udC1zaXplJTNBJTIwMTJweCUyMiUyMGNsYXNzJTNEJTIyY3VzdG9taXplLXVucHJldmlld2FibGUlMjIlMjBocmVmJTNEJTIyJTIyJTIwdGFyZ2V0JTNEJTIyX2JsYW5rJTIyJTIwcmVsJTNEJTIybm9vcGVuZXIlMjBub3JlZmVycmVyJTIyJTNFTWFzc2FnZW0lMjBSZWxheGFudGUlM0MlMkZhJTNFJTBBJTNDYnIlM0UlMEElM0NhJTIwc3R5bGUlM0QlMjJjb2xvciUzQSUyMCUyM2ZmZmZmZiUzQmZvbnQtc2l6ZSUzQSUyMDEycHglMjIlMjBjbGFzcyUzRCUyMmN1c3RvbWl6ZS11bnByZXZpZXdhYmxlJTIyJTIwaHJlZiUzRCUyMiUyMiUyMHRhcmdldCUzRCUyMl9ibGFuayUyMiUyMHJlbCUzRCUyMm5vb3BlbmVyJTIwbm9yZWZlcnJlciUyMiUzRU1hc3NhZ2VtJTIwQXl1diVDMyVBOXJkaWNhJTNDJTJGYSUzRQ==[\/vc_raw_html][\/vc_column][vc_column width=&#8221;1\/6&#8243;][vc_raw_html]JTNDcCUyMGNsYXNzJTNEJTIycW9kZWYtaWwtdGV4dCUyMiUyMHN0eWxlJTNEJTIyY29sb3IlM0ElMjAlMjNmZmZmZmYlM0Jmb250LXNpemUlM0ElMjAxMnB4JTIyJTNFJTNDYSUyMHN0eWxlJTNEJTIyY29sb3IlM0ElMjAlMjNmZmZmZmYlM0Jmb250LXNpemUlM0ElMjAxMnB4JTIyJTIwaHJlZiUzRCUyMiUyRmJsb2clMjIlM0VCTE9HJTNDJTJGYSUzRSUzQyUyRnAlM0UlMEElMEE=[\/vc_raw_html][\/vc_column][vc_column width=&#8221;1\/3&#8243;]<div role=\"form\" class=\"wpcf7\" id=\"wpcf7-f1108-o1\" lang=\"en-US\" dir=\"ltr\">\n<div class=\"screen-reader-response\"><\/div>\n<form action=\"\/index.php?rest_route=%2Fwp%2Fv2%2Fpages%2F4774#wpcf7-f1108-o1\" method=\"post\" class=\"wpcf7-form\" novalidate=\"novalidate\">\n<div style=\"display: none;\">\n<input type=\"hidden\" name=\"_wpcf7\" value=\"1108\" \/>\n<input type=\"hidden\" name=\"_wpcf7_version\" value=\"5.1.4\" \/>\n<input type=\"hidden\" name=\"_wpcf7_locale\" value=\"en_US\" \/>\n<input type=\"hidden\" name=\"_wpcf7_unit_tag\" value=\"wpcf7-f1108-o1\" \/>\n<input type=\"hidden\" name=\"_wpcf7_container_post\" value=\"0\" \/>\n<\/div>\n<div class=\"two_columns_50_50 clearfix\">\n<div class=\"column2\">\n<div class=\"column_inner\" style=\"font-size:12px;\">\n<span class=\"wpcf7-form-control-wrap email\"><input type=\"email\" name=\"email\" value=\"\" size=\"40\" class=\"wpcf7-form-control wpcf7-text wpcf7-email wpcf7-validates-as-required wpcf7-validates-as-email\" aria-required=\"true\" aria-invalid=\"false\" placeholder=\"Email\" \/><\/span>\n<\/div>\n<\/div>\n<\/div>\n<div class=\"qodef-btn qodef-btn-small qodef-btn-solid qodef-btn-icon qodef-custom-cf-7-button\"><input type=\"submit\" value=\"Enviar\" class=\"wpcf7-form-control wpcf7-submit\" \/><span class=\"qodef-btn-text\">OK<\/span><span class=\"qodef-btn-text-inner qodef-btn-text-inner-icon\"><i class=\"qodef-icon-ion-icon ion-arrow-right-c \"><\/i><i class=\"qodef-icon-ion-icon ion-arrow-right-c \"><\/i><\/span><\/div>\n<p><span class=\"wpcf7-form-control-wrap acceptance-496\"><span class=\"wpcf7-form-control wpcf7-acceptance\"><span class=\"wpcf7-list-item\"><label><input type=\"checkbox\" name=\"acceptance-496\" value=\"1\" aria-invalid=\"false\" \/><span class=\"wpcf7-list-item-label\"><span style=\"color:#fff; font-size:12px;\">Li e aceito a <a href=\"http:\/\/www.trevo.pt\/politica-de-privacidade\/\" target=\"_blank\" style=\"color:#fff; font-size:12px;\">Pol\u00edtica de Privacidade<\/a><\/span><\/span><\/label><\/span><\/span><\/span><\/p>\n<div class=\"wpcf7-response-output wpcf7-display-none\"><\/div><\/form><\/div>[\/vc_column][\/vc_row][\/vc_section]<\/p>\n","protected":false},"excerpt":{"rendered":"<p>[vc_row full_height=&#8221;yes&#8221; columns_placement=&#8221;top&#8221; equal_height=&#8221;yes&#8221; enable_grid_lines=&#8221;&#8221; css=&#8221;.vc_custom_1580987470216{margin-top: -150px !important;margin-bottom: 100px !important;background-color: #eaeaea !important;}&#8221;][vc_column][vc_row_inner row_content_width=&#8221;grid&#8221; enable_grid_lines=&#8221;&#8221;][vc_column_inner width=&#8221;1\/3&#8243;][qodef_icon_with_text type=&#8221;icon-left&#8221; icon_pack=&#8221;linea_icons&#8221; linea_icon=&#8221;icon-arrows-circle-plus&#8221; icon_size=&#8221;qodef-icon-small&#8221; title_tag=&#8221;h6&#8243; title=&#8221;Data do curso&#8221; title_top_margin=&#8221;10&#8243; icon_color=&#8221;#b7d166&#8243; icon_hover_color=&#8221;#b7d166&#8243;][vc_column_text] Suspenso S\u00e1bado: 9h-13h e das 14h-18h Domingo: 10h-13h e das 14h-17h Dura\u00e7\u00e3o: 90h [\/vc_column_text][\/vc_column_inner][vc_column_inner width=&#8221;1\/3&#8243;][qodef_icon_with_text type=&#8221;icon-left&#8221; icon_pack=&#8221;linea_icons&#8221; linea_icon=&#8221;icon-basic-clock&#8221; icon_size=&#8221;qodef-icon-small&#8221; title_tag=&#8221;h6&#8243; title=&#8221;CARGA HOR\u00c1RIA TOTAL&#8221; title_top_margin=&#8221;10&#8243; icon_color=&#8221;#b7d166&#8243; icon_hover_color=&#8221;#b7d166&#8243;][vc_column_text] 90 horas Totais [&hellip;]<\/p>\n","protected":false},"author":1,"featured_media":0,"parent":0,"menu_order":0,"comment_status":"closed","ping_status":"closed","template":"full-width.php","meta":{"footnotes":""},"class_list":["post-4774","page","type-page","status-publish","hentry"],"yoast_head":"<!-- This site is optimized with the Yoast SEO plugin v27.5 - https:\/\/yoast.com\/product\/yoast-seo-wordpress\/ -->\n<title>Curso Massagem Ayuv\u00e9rdica - TREVO<\/title>\n<meta name=\"robots\" content=\"index, follow, max-snippet:-1, max-image-preview:large, max-video-preview:-1\" \/>\n<link rel=\"canonical\" href=\"https:\/\/trevo.pt\/?page_id=4774\" \/>\n<meta property=\"og:locale\" content=\"pt_PT\" \/>\n<meta property=\"og:type\" content=\"article\" \/>\n<meta property=\"og:title\" content=\"Curso Massagem Ayuv\u00e9rdica - TREVO\" \/>\n<meta property=\"og:description\" content=\"[vc_row full_height=&#8221;yes&#8221; columns_placement=&#8221;top&#8221; equal_height=&#8221;yes&#8221; enable_grid_lines=&#8221;&#8221; css=&#8221;.vc_custom_1580987470216{margin-top: -150px !important;margin-bottom: 100px !important;background-color: #eaeaea !important;}&#8221;][vc_column][vc_row_inner row_content_width=&#8221;grid&#8221; enable_grid_lines=&#8221;&#8221;][vc_column_inner width=&#8221;1\/3&#8243;][qodef_icon_with_text type=&#8221;icon-left&#8221; icon_pack=&#8221;linea_icons&#8221; linea_icon=&#8221;icon-arrows-circle-plus&#8221; icon_size=&#8221;qodef-icon-small&#8221; title_tag=&#8221;h6&#8243; title=&#8221;Data do curso&#8221; title_top_margin=&#8221;10&#8243; icon_color=&#8221;#b7d166&#8243; icon_hover_color=&#8221;#b7d166&#8243;][vc_column_text] Suspenso S\u00e1bado: 9h-13h e das 14h-18h Domingo: 10h-13h e das 14h-17h Dura\u00e7\u00e3o: 90h [\/vc_column_text][\/vc_column_inner][vc_column_inner width=&#8221;1\/3&#8243;][qodef_icon_with_text type=&#8221;icon-left&#8221; icon_pack=&#8221;linea_icons&#8221; linea_icon=&#8221;icon-basic-clock&#8221; icon_size=&#8221;qodef-icon-small&#8221; title_tag=&#8221;h6&#8243; title=&#8221;CARGA HOR\u00c1RIA TOTAL&#8221; title_top_margin=&#8221;10&#8243; icon_color=&#8221;#b7d166&#8243; icon_hover_color=&#8221;#b7d166&#8243;][vc_column_text] 90 horas Totais [&hellip;]\" \/>\n<meta property=\"og:url\" content=\"https:\/\/trevo.pt\/?page_id=4774\" \/>\n<meta property=\"og:site_name\" content=\"TREVO\" \/>\n<meta property=\"article:modified_time\" content=\"2025-02-26T09:41:26+00:00\" \/>\n<meta name=\"twitter:card\" content=\"summary_large_image\" \/>\n<meta name=\"twitter:label1\" content=\"Tempo estimado de leitura\" \/>\n\t<meta name=\"twitter:data1\" content=\"7 minutos\" \/>\n<script type=\"application\/ld+json\" class=\"yoast-schema-graph\">{\"@context\":\"https:\\\/\\\/schema.org\",\"@graph\":[{\"@type\":\"WebPage\",\"@id\":\"https:\\\/\\\/trevo.pt\\\/?page_id=4774\",\"url\":\"https:\\\/\\\/trevo.pt\\\/?page_id=4774\",\"name\":\"Curso Massagem Ayuv\u00e9rdica - TREVO\",\"isPartOf\":{\"@id\":\"https:\\\/\\\/trevo.pt\\\/#website\"},\"datePublished\":\"2020-03-06T00:12:20+00:00\",\"dateModified\":\"2025-02-26T09:41:26+00:00\",\"breadcrumb\":{\"@id\":\"https:\\\/\\\/trevo.pt\\\/?page_id=4774#breadcrumb\"},\"inLanguage\":\"pt-PT\",\"potentialAction\":[{\"@type\":\"ReadAction\",\"target\":[\"https:\\\/\\\/trevo.pt\\\/?page_id=4774\"]}]},{\"@type\":\"BreadcrumbList\",\"@id\":\"https:\\\/\\\/trevo.pt\\\/?page_id=4774#breadcrumb\",\"itemListElement\":[{\"@type\":\"ListItem\",\"position\":1,\"name\":\"In\u00edcio\",\"item\":\"https:\\\/\\\/trevo.pt\\\/\"},{\"@type\":\"ListItem\",\"position\":2,\"name\":\"Curso Massagem Ayuv\u00e9rdica\"}]},{\"@type\":\"WebSite\",\"@id\":\"https:\\\/\\\/trevo.pt\\\/#website\",\"url\":\"https:\\\/\\\/trevo.pt\\\/\",\"name\":\"TREVO\",\"description\":\"GIN\u00c1SIO\",\"potentialAction\":[{\"@type\":\"SearchAction\",\"target\":{\"@type\":\"EntryPoint\",\"urlTemplate\":\"https:\\\/\\\/trevo.pt\\\/?s={search_term_string}\"},\"query-input\":{\"@type\":\"PropertyValueSpecification\",\"valueRequired\":true,\"valueName\":\"search_term_string\"}}],\"inLanguage\":\"pt-PT\"}]}<\/script>\n<!-- \/ Yoast SEO plugin. -->","yoast_head_json":{"title":"Curso Massagem Ayuv\u00e9rdica - TREVO","robots":{"index":"index","follow":"follow","max-snippet":"max-snippet:-1","max-image-preview":"max-image-preview:large","max-video-preview":"max-video-preview:-1"},"canonical":"https:\/\/trevo.pt\/?page_id=4774","og_locale":"pt_PT","og_type":"article","og_title":"Curso Massagem Ayuv\u00e9rdica - TREVO","og_description":"[vc_row full_height=&#8221;yes&#8221; columns_placement=&#8221;top&#8221; equal_height=&#8221;yes&#8221; enable_grid_lines=&#8221;&#8221; css=&#8221;.vc_custom_1580987470216{margin-top: -150px !important;margin-bottom: 100px !important;background-color: #eaeaea !important;}&#8221;][vc_column][vc_row_inner row_content_width=&#8221;grid&#8221; enable_grid_lines=&#8221;&#8221;][vc_column_inner width=&#8221;1\/3&#8243;][qodef_icon_with_text type=&#8221;icon-left&#8221; icon_pack=&#8221;linea_icons&#8221; linea_icon=&#8221;icon-arrows-circle-plus&#8221; icon_size=&#8221;qodef-icon-small&#8221; title_tag=&#8221;h6&#8243; title=&#8221;Data do curso&#8221; title_top_margin=&#8221;10&#8243; icon_color=&#8221;#b7d166&#8243; icon_hover_color=&#8221;#b7d166&#8243;][vc_column_text] Suspenso S\u00e1bado: 9h-13h e das 14h-18h Domingo: 10h-13h e das 14h-17h Dura\u00e7\u00e3o: 90h [\/vc_column_text][\/vc_column_inner][vc_column_inner width=&#8221;1\/3&#8243;][qodef_icon_with_text type=&#8221;icon-left&#8221; icon_pack=&#8221;linea_icons&#8221; linea_icon=&#8221;icon-basic-clock&#8221; icon_size=&#8221;qodef-icon-small&#8221; title_tag=&#8221;h6&#8243; title=&#8221;CARGA HOR\u00c1RIA TOTAL&#8221; title_top_margin=&#8221;10&#8243; icon_color=&#8221;#b7d166&#8243; icon_hover_color=&#8221;#b7d166&#8243;][vc_column_text] 90 horas Totais [&hellip;]","og_url":"https:\/\/trevo.pt\/?page_id=4774","og_site_name":"TREVO","article_modified_time":"2025-02-26T09:41:26+00:00","twitter_card":"summary_large_image","twitter_misc":{"Tempo estimado de leitura":"7 minutos"},"schema":{"@context":"https:\/\/schema.org","@graph":[{"@type":"WebPage","@id":"https:\/\/trevo.pt\/?page_id=4774","url":"https:\/\/trevo.pt\/?page_id=4774","name":"Curso Massagem Ayuv\u00e9rdica - TREVO","isPartOf":{"@id":"https:\/\/trevo.pt\/#website"},"datePublished":"2020-03-06T00:12:20+00:00","dateModified":"2025-02-26T09:41:26+00:00","breadcrumb":{"@id":"https:\/\/trevo.pt\/?page_id=4774#breadcrumb"},"inLanguage":"pt-PT","potentialAction":[{"@type":"ReadAction","target":["https:\/\/trevo.pt\/?page_id=4774"]}]},{"@type":"BreadcrumbList","@id":"https:\/\/trevo.pt\/?page_id=4774#breadcrumb","itemListElement":[{"@type":"ListItem","position":1,"name":"In\u00edcio","item":"https:\/\/trevo.pt\/"},{"@type":"ListItem","position":2,"name":"Curso Massagem Ayuv\u00e9rdica"}]},{"@type":"WebSite","@id":"https:\/\/trevo.pt\/#website","url":"https:\/\/trevo.pt\/","name":"TREVO","description":"GIN\u00c1SIO","potentialAction":[{"@type":"SearchAction","target":{"@type":"EntryPoint","urlTemplate":"https:\/\/trevo.pt\/?s={search_term_string}"},"query-input":{"@type":"PropertyValueSpecification","valueRequired":true,"valueName":"search_term_string"}}],"inLanguage":"pt-PT"}]}},"_links":{"self":[{"href":"https:\/\/trevo.pt\/index.php?rest_route=\/wp\/v2\/pages\/4774","targetHints":{"allow":["GET"]}}],"collection":[{"href":"https:\/\/trevo.pt\/index.php?rest_route=\/wp\/v2\/pages"}],"about":[{"href":"https:\/\/trevo.pt\/index.php?rest_route=\/wp\/v2\/types\/page"}],"author":[{"embeddable":true,"href":"https:\/\/trevo.pt\/index.php?rest_route=\/wp\/v2\/users\/1"}],"replies":[{"embeddable":true,"href":"https:\/\/trevo.pt\/index.php?rest_route=%2Fwp%2Fv2%2Fcomments&post=4774"}],"version-history":[{"count":6,"href":"https:\/\/trevo.pt\/index.php?rest_route=\/wp\/v2\/pages\/4774\/revisions"}],"predecessor-version":[{"id":4937,"href":"https:\/\/trevo.pt\/index.php?rest_route=\/wp\/v2\/pages\/4774\/revisions\/4937"}],"wp:attachment":[{"href":"https:\/\/trevo.pt\/index.php?rest_route=%2Fwp%2Fv2%2Fmedia&parent=4774"}],"curies":[{"name":"wp","href":"https:\/\/api.w.org\/{rel}","templated":true}]}}